{"id":437,"date":"2022-09-16T08:33:23","date_gmt":"2022-09-16T08:33:23","guid":{"rendered":"http:\/\/www.spaansewaterhond.info\/?page_id=437"},"modified":"2023-07-14T14:33:58","modified_gmt":"2023-07-14T14:33:58","slug":"rasstandaard","status":"publish","type":"page","link":"https:\/\/www.spaansewaterhond.info\/?page_id=437","title":{"rendered":"Rasstandaard"},"content":{"rendered":"\t\t<div data-elementor-type=\"wp-page\" data-elementor-id=\"437\" class=\"elementor elementor-437\">\n\t\t\t\t\t\t\t\t\t<section class=\"elementor-section elementor-top-section elementor-element elementor-element-921dfdc elementor-section-boxed elementor-section-height-default elementor-section-height-default\" data-id=\"921dfdc\" data-element_type=\"section\">\n\t\t\t\t\t\t<div class=\"elementor-container elementor-column-gap-default\">\n\t\t\t\t\t<div class=\"elementor-column elementor-col-100 elementor-top-column elementor-element elementor-element-642f5ed\" data-id=\"642f5ed\" data-element_type=\"column\">\n\t\t\t<div class=\"elementor-widget-wrap elementor-element-populated\">\n\t\t\t\t\t\t\t\t<div class=\"elementor-element elementor-element-8007ad4 elementor-widget elementor-widget-text-editor\" data-id=\"8007ad4\" data-element_type=\"widget\" data-widget_type=\"text-editor.default\">\n\t\t\t\t<div class=\"elementor-widget-container\">\n\t\t\t<style>\/*! elementor - v3.7.8 - 02-10-2022 *\/\n.elementor-widget-text-editor.elementor-drop-cap-view-stacked .elementor-drop-cap{background-color:#818a91;color:#fff}.elementor-widget-text-editor.elementor-drop-cap-view-framed .elementor-drop-cap{color:#818a91;border:3px solid;background-color:transparent}.elementor-widget-text-editor:not(.elementor-drop-cap-view-default) .elementor-drop-cap{margin-top:8px}.elementor-widget-text-editor:not(.elementor-drop-cap-view-default) .elementor-drop-cap-letter{width:1em;height:1em}.elementor-widget-text-editor .elementor-drop-cap{float:left;text-align:center;line-height:1;font-size:50px}.elementor-widget-text-editor .elementor-drop-cap-letter{display:inline-block}<\/style>\t\t\t\t<p><b>van de Perro de Agua Espa\u00f1ol<\/b><\/p><p>Let op; deze Nederlandse vertaling van de rasstandaard is een vrije vertaling.<br \/>De offici\u00eble rasstandaard is afkomstig van de F\u00e9d\u00e9ration Cynologique Internationale (FCI) en is beschikbaar in het Engels, Duits, Frans en Spaans.<\/p><p>Het is de vertaling van de nu geldende rasstandaard, opgesteld op 03. 09. 1999.<\/p><h3>Nederlandse<strong>\u00a0Rasstandaard<\/strong><\/h3><p>Perro De Agua Espa\u00f1ol<\/p><p>FCI standaard: Groep 8, sectie 3, waterhonden, nummer 336<\/p><p><strong>Oorsprong<br \/><\/strong>Spanje<\/p><p><strong>Gebruik<br \/><\/strong>Herdershond, jachthond en vissershond<\/p><p><strong>Korte geschiedenis van het ras<br \/><\/strong>De aanwezigheid van deze hond op het Iberische schiereiland bestaat sinds het begin van de tijd en behoort tot dezelfde familie als de oude Barbet. De hoofdpopulatie heeft zijn basis in Andalusi\u00eb waar hij gebruikt werd als herdershond en hij reeds eeuwen bekent stond als \u201cTurkse hond\u201d. Zijn uiterlijk, vooral zijn vacht is perfect aangepast aan het veranderlijke weer van de moerasachtige streek (soms nat en soms droog), wat hem kwalificeert als herdershond, als hulp van de vissers en van de jager op waterwild in deze streken.<\/p><p><strong>Algemene verschijning<br \/><\/strong>Rustieke hond, goed geproportioneerd,\u00a0 lange smalle schedel (dolichocephalic), met middelmatig gewicht, eerder gestrekte lichaamsbouw, harmonisch gebouwd, aantrekkelijk profiel, atletisch en goed gespierd te danken aan zijn regelmatige oefening, profiel is rechtlijnig. Goed ontwikkelde reukzin, zicht en gehoor.<\/p><p><strong>Karakter<br \/><\/strong>Trouw, gehoorzaam, vrolijk, goede werker, evenwichtig, moedig en zeer verstandig, zeer leergierig dankzij een buitengewoon bevattingsvermogen. Past zich aan elke voorwaarde en situatie aan.<\/p><p><strong>Belangrijke proporties<br \/><\/strong><em>Lengte van het lichaam\/schofthoogte<\/em><br \/>9\/8<\/p><p><em>Borstdiepte\/schofthoogte<\/em><br \/>4\/8<\/p><p><em>Lengte voorsnuit\/lengte schedel<\/em><br \/>2\/3<br \/><strong><br \/>Hoofd<br \/><\/strong>Sterk, elegant gedragen<br \/><em><br \/>Schedel<\/em><br \/>Platte schedel, jachtknobbel bij onmerkbaar, stop licht aangeduid<\/p><p><em>Voorsnuit<br \/><\/em>Profiel is rechtlijnig<\/p><p><em>Neus en neusspiegel:<\/em><br \/>Goed ontwikkelde neusgaten, neusspiegel heeft dezelfde kleur of is donkerder dan die van de vacht.<\/p><p><em>Lippen<\/em><br \/>Goed aangeduide mondhoek<\/p><p><em>Tanden<\/em><br \/>Goed gevormd, wit, grote hoektanden.<\/p><p><em>Ogen<\/em><br \/>Licht schuin en goed uit elkaar geplaatst, met veel uitdrukking, licht tot kastanje bruin aangepast aan de vachtkleur. Bindvlies niet zichtbaar<\/p><p><em>Oren<\/em><br \/>Middelhoog aangezet, driehoekig en hangend<\/p><p><strong>Hals<br \/><\/strong>Kort en goed gespierd, zonder keelhuid. Perfect aan de schouders aangezet<\/p><p><strong>Lichaam<br \/><\/strong>Robuust<\/p><p><em>Bovenbelijning<\/em><br \/>Recht<\/p><p><em>Schoft<\/em><br \/>Licht aangeduid<\/p><p><em>Rug<\/em><br \/>Recht en sterk<\/p><p><em>Borst<\/em><br \/>Breed en diep, ribben goed gewelfd van een diameter die grote ademhalingsmogelijkheid toelaat.<\/p><p><em>Kroep<\/em><br \/>Licht aflopend<\/p><p><em>Onderbelijning<\/em><br \/>Buik licht opgetrokken<\/p><p><strong>Staart<\/strong><br \/>Middelhoog aangezet, het couperen dient te gebeuren van de 2de tot de 4de staartwervel.<br \/>Sommige exemplaren tonen een aangeboren stompstaart.<br \/><em><br \/>NB. In Nederland en veel andere landen is het couperen van de staart verboden. Inmiddels wordt in Spanje ook niet meer gecoupeerd.<\/em><\/p><p><strong>Ledematen<br \/><em>Voorhand<\/em><\/strong><\/p><p><em>Algemeen<\/em><br \/>Stevig en recht<\/p><p>Schouders<br \/>Goed gespierd, en schuin aanliggend<\/p><p><em>Bovenarm<\/em><br \/>Sterk en schuinliggend<\/p><p><em>Ellebogen<\/em><br \/>Goed aan de borstkas aanliggend en parallel<\/p><p><em>Onderarm<\/em><br \/>Krachtig en recht<\/p><p><em>Polsen en voorvoet midden<\/em><br \/>Recht eerder kort<\/p><p><em>Voeten<\/em><br \/>Rond en goed aangesloten, nagels in alle kleuren toegelaten, voetkussens met goed weerstandsvermogen<\/p><p><em><strong>Achterhand<br \/><\/strong><\/em><em>Algemeen<\/em><br \/>Perfect loodrecht, hoeking niet overdreven en met spieren die de mogelijkheid hebben om het lichaam bij het lopen energieke stuwing te geven en de nodige vering voor gemakkelijke en elegante sprongen te maken.<\/p><p><em>Bovenbeen<\/em><br \/>Lang en goed ontwikkeld<\/p><p><em>Onderbeen<\/em><br \/>Goed ontwikkeld<\/p><p><em>Sprong<\/em><br \/>Goed neergelaten<\/p><p><em>Achtermiddenvoet<\/em><br \/>Kort, droog en loodrecht op de bodem<\/p><p><em>Achtervoeten<\/em><br \/>Idem als voorvoeten<\/p><p><strong>Gangwerk<br \/><\/strong>Bij voorkeur de draf, de galop is kort en springerig<\/p><p><strong>Huid<br \/><\/strong>Soepel, fijn en het lichaam goed omsluitend. Kan kastanjebruin, zwart of gedepigmenteerd zijn, volgens kleur van de vacht, evenals de slijmvliezen.<\/p><p><strong>Vacht<br \/><\/strong>Altijd gekruld en met wollige textuur. Gegolfd of gekruld indien kort, lang kan het koorden vormen.<br \/>Het scheren dient steeds volledig en gelijk te gebeuren, en mag geen esthetisch doel hebben.<br \/>De lengte van de showvacht is van 3cm tot 12cm.<\/p><p><strong>Kleur<br \/><\/strong><em>Eenkleurige<\/em><br \/>Wit, zwart en bruin in verschillende schakeringen<\/p><p><em>Tweekleurige<\/em><br \/>Wit-zwart, zwart-wit, bruin-wit en wit-bruin in alle schakeringen, de tweede kleur dient steeds wit te zijn.<\/p><p>Driekleurige exemplaren alsook dalmati\u00ebr zijn niet toegelaten.<\/p><p><strong>Grootte en gewicht<br \/><\/strong><em>Schofthoogte<\/em><br \/>Reuen 44-50cm<br \/>Teven 40-46cm<br \/>Met een tolerantie van 2 cm omhoog indien de hond harmonisch gebouwd is, en voldoet aan de rest van de standaard.<\/p><p><em>Gewicht<\/em><br \/>Reuen 18-22kg<br \/>Teven 14-18kg<\/p><p><strong>Fouten<br \/><\/strong><em>Zware fouten<\/em><br \/>Zadelrug, afwijkingen van de loodrechte stelling, hangbuik of extreem opgetrokken buik.<\/p><p><em>Diskwalificerende fouten<\/em><br \/>Onstabiel karakter, ondervoor of bovenvoorbijter, wolfsklauwen, mono-of crytorchiden, rechte beharing, driekleurige, tweekleurige waarvan de tweede kleur niet wit is, dalmati\u00ebr en albinisme.<\/p><p>Opmerking: De reuen moeten twee normaal ontwikkelde, volledig in het scrotum ingedaalde testikels hebben.<\/p>\t\t\t\t\t\t<\/div>\n\t\t\t\t<\/div>\n\t\t\t\t\t<\/div>\n\t\t<\/div>\n\t\t\t\t\t\t\t<\/div>\n\t\t<\/section>\n\t\t\t\t\t\t\t<\/div>\n\t\t","protected":false},"excerpt":{"rendered":"<p>van de Perro de Agua Espa\u00f1ol Let op; deze Nederlandse vertaling van de rasstandaard is een vrije vertaling.De offici\u00eble rasstandaard is afkomstig van de F\u00e9d\u00e9ration Cynologique Internationale (FCI) en is beschikbaar in het Engels, Duits, Frans en Spaans. Het is de vertaling van de nu geldende rasstandaard, opgesteld op 03. 09. 1999. Nederlandse\u00a0Rasstandaard Perro De [&hellip;]<\/p>\n","protected":false},"author":1,"featured_media":0,"parent":0,"menu_order":0,"comment_status":"closed","ping_status":"closed","template":"","meta":{"footnotes":""},"class_list":["post-437","page","type-page","status-publish","hentry"],"_links":{"self":[{"href":"https:\/\/www.spaansewaterhond.info\/index.php?rest_route=\/wp\/v2\/pages\/437","targetHints":{"allow":["GET"]}}],"collection":[{"href":"https:\/\/www.spaansewaterhond.info\/index.php?rest_route=\/wp\/v2\/pages"}],"about":[{"href":"https:\/\/www.spaansewaterhond.info\/index.php?rest_route=\/wp\/v2\/types\/page"}],"author":[{"embeddable":true,"href":"https:\/\/www.spaansewaterhond.info\/index.php?rest_route=\/wp\/v2\/users\/1"}],"replies":[{"embeddable":true,"href":"https:\/\/www.spaansewaterhond.info\/index.php?rest_route=%2Fwp%2Fv2%2Fcomments&post=437"}],"version-history":[{"count":10,"href":"https:\/\/www.spaansewaterhond.info\/index.php?rest_route=\/wp\/v2\/pages\/437\/revisions"}],"predecessor-version":[{"id":1015,"href":"https:\/\/www.spaansewaterhond.info\/index.php?rest_route=\/wp\/v2\/pages\/437\/revisions\/1015"}],"wp:attachment":[{"href":"https:\/\/www.spaansewaterhond.info\/index.php?rest_route=%2Fwp%2Fv2%2Fmedia&parent=437"}],"curies":[{"name":"wp","href":"https:\/\/api.w.org\/{rel}","templated":true}]}}