{"id":603,"date":"2022-09-25T03:47:03","date_gmt":"2022-09-25T03:47:03","guid":{"rendered":"http:\/\/www.spaansewaterhond.info\/?page_id=603"},"modified":"2026-02-15T16:17:34","modified_gmt":"2026-02-15T16:17:34","slug":"pdae-links","status":"publish","type":"page","link":"https:\/\/www.spaansewaterhond.info\/?page_id=603","title":{"rendered":"PDAE Links"},"content":{"rendered":"\t\t<div data-elementor-type=\"wp-page\" data-elementor-id=\"603\" class=\"elementor elementor-603\">\n\t\t\t\t\t\t\t\t\t<section class=\"elementor-section elementor-top-section elementor-element elementor-element-07864ca elementor-section-boxed elementor-section-height-default elementor-section-height-default\" data-id=\"07864ca\" data-element_type=\"section\">\n\t\t\t\t\t\t<div class=\"elementor-container elementor-column-gap-default\">\n\t\t\t\t\t<div class=\"elementor-column elementor-col-100 elementor-top-column elementor-element elementor-element-066e5da\" data-id=\"066e5da\" data-element_type=\"column\">\n\t\t\t<div class=\"elementor-widget-wrap elementor-element-populated\">\n\t\t\t\t\t\t\t\t<div class=\"elementor-element elementor-element-2193220 elementor-widget elementor-widget-text-editor\" data-id=\"2193220\" data-element_type=\"widget\" data-widget_type=\"text-editor.default\">\n\t\t\t\t<div class=\"elementor-widget-container\">\n\t\t\t<style>\/*! elementor - v3.7.8 - 02-10-2022 *\/\n.elementor-widget-text-editor.elementor-drop-cap-view-stacked .elementor-drop-cap{background-color:#818a91;color:#fff}.elementor-widget-text-editor.elementor-drop-cap-view-framed .elementor-drop-cap{color:#818a91;border:3px solid;background-color:transparent}.elementor-widget-text-editor:not(.elementor-drop-cap-view-default) .elementor-drop-cap{margin-top:8px}.elementor-widget-text-editor:not(.elementor-drop-cap-view-default) .elementor-drop-cap-letter{width:1em;height:1em}.elementor-widget-text-editor .elementor-drop-cap{float:left;text-align:center;line-height:1;font-size:50px}.elementor-widget-text-editor .elementor-drop-cap-letter{display:inline-block}<\/style>\t\t\t\t<div>&nbsp;<\/div>\n<div>\n<p><b>Kynologische organisaties<\/b><\/p>\n<ul>\n<li><a href=\"http:\/\/www.fci.be\/\" target=\"_blank\" rel=\"noopener\">F\u00e9d\u00e9ration Cynologiqeu Internationale (FCI)<\/a><\/li>\n<li><a href=\"http:\/\/www.raadvanbeheer.nl\/\" target=\"_blank\" rel=\"noopener\">Raad van Beheer op Kynologisch gebied in Nederland \u2013 Houden van honden<\/a><\/li>\n<li><a href=\"http:\/\/www.rsce.es\/\" target=\"_blank\" rel=\"noopener\">Real Sociedad Canina de Espa\u00f1a&nbsp;<\/a>(Spanje)<\/li>\n<li><a href=\"http:\/\/srsh.be\/\" target=\"_blank\" rel=\"noopener\">Koninklijke Kynologische Unie Sint-Hubertus<\/a>&nbsp;(Belgi\u00eb)<\/li>\n<\/ul>\n<p><b><br>R<\/b><b>asverenigingen<\/b><\/p>\n<ul>\n<li><a href=\"https:\/\/www.spaansewaterhondrasvereniging.nl\/\" target=\"_blank\" rel=\"noopener\">Spaanse Waterhond Rasvereniging Nederland<\/a>&nbsp;(Nederlandse rasvereniging)<\/li>\n<li><a href=\"https:\/\/perro-club.be\/index.html\" target=\"_blank\" rel=\"noopener\">Perro de Agua Espa\u00f1ol Club Belgi\u00eb<\/a>&nbsp;(Belgische rasvereniging)<\/li>\n<li><a href=\"http:\/\/www.perrodeaguaclub.com\/\" target=\"_blank\" rel=\"noopener\">Asociaci\u00f3n Espa\u00f1ola del Perro de Agua Espa\u00f1ol&nbsp;<\/a>(Spaanse rasvereniging)<\/li>\n<li><a href=\"http:\/\/www.perro-club.de\/\" target=\"_blank\" rel=\"noopener\">Perro de Agua Espa\u00f1ol Club Deutschland<\/a>&nbsp;(Duitse rasvereniging)<\/li>\n<li><a href=\"http:\/\/www.perroklubben.se\/\" target=\"_blank\" rel=\"noopener\">Svenska Perro de Agua Espa\u00f1ol Klubben&nbsp;<\/a>(Zweedse rasvereniging)<\/li>\n<li><a href=\"http:\/\/www.spanishwaterdog.org\/\" target=\"_blank\" rel=\"noopener\">Spanish Waterdog Association of America, Inc&nbsp;<\/a>(Amerikaanse rasvereniging, UKC)<\/li>\n<li><a href=\"http:\/\/www.swdclub.org\/\" target=\"_blank\" rel=\"noopener\">Spanish Water Dog Club, Inc<\/a>&nbsp;(Amerikaanse rasvereniging, AKC)<\/li>\n<li><a href=\"https:\/\/www.perro-club.ch\/\" target=\"_blank\" rel=\"noopener\">Schweizerischer Rasseclub Perro de Agua Espanol<\/a>&nbsp;(Zwitserse rasvereniging)<\/li>\n<li><a href=\"http:\/\/www.spanishwaterdogclub.co.uk\/\" target=\"_blank\" rel=\"noopener\">Spanish Waterdog Club UK&nbsp;<\/a>(Britse rasvereniging)<\/li>\n<li><a href=\"http:\/\/www.vesikoirat.fi\/\" target=\"_blank\" rel=\"noopener\">Vesikoirat&nbsp;<\/a>(Finse rasvereniging)<\/li>\n<li><a href=\"http:\/\/community.fortunecity.ws\/victorian\/kapoor\/126\/index.htm\" target=\"_blank\" rel=\"noopener\">Club del Perro de Agua Espa\u00f1ol de Mexico<\/a>&nbsp;(Mexicaanse rasvereniging)<\/li>\n<\/ul>\n<p align=\"left\"><b><br>Fokkers<\/b><\/p>\n<table border=\"0\" width=\"500\" cellspacing=\"0\" cellpadding=\"0\">\n<colgroup>\n<col style=\"mso-width-source: userset; mso-width-alt: 5595; width: 115pt;\" width=\"153\">\n<col style=\"mso-width-source: userset; mso-width-alt: 12690; width: 260pt;\" width=\"347\"> <\/colgroup>\n<tbody>\n<tr style=\"height: 15.0pt;\">\n<td style=\"height: 15.0pt; width: 115pt;\" width=\"153\" height=\"20\">Nederland:<\/td>\n<td style=\"width: 260pt;\" width=\"347\"><a style=\"box-sizing: border-box; box-shadow: none;\" href=\"http:\/\/www.spaansewaterhond.nl\/\" target=\"_blank\" rel=\"noopener\"><span style=\"font-size: 9.0pt; font-family: Verdana, sans-serif; mso-font-charset: 0;\">De Amaragua&nbsp;(Rolf<br>Karsijns en No\u00e9mi Karsijns-Sas)<\/span><\/a><\/td>\n<\/tr>\n<tr style=\"height: 15.0pt;\">\n<td style=\"height: 15.0pt; width: 115pt;\" width=\"153\" height=\"20\">&nbsp;<\/td>\n<td style=\"width: 260pt;\" width=\"347\"><a style=\"box-sizing: border-box; box-shadow: none;\" href=\"http:\/\/www.spaanse-waterhond.nl\/\" target=\"_blank\" rel=\"noopener\"><span style=\"font-size: 9.0pt; font-family: Verdana, sans-serif; mso-font-charset: 0;\">Del Alto Norte<br>(Lotte Geertsma en Gelt Hoekstra)<\/span><\/a><\/td>\n<\/tr>\n<tr style=\"height: 15.0pt;\">\n<td style=\"height: 15.0pt; width: 115pt;\" width=\"153\" height=\"20\">Belgi\u00eb:<\/td>\n<td style=\"width: 260pt;\" width=\"347\"><a style=\"box-sizing: border-box; box-shadow: none;\" href=\"http:\/\/www.spaansewaterhond.net\/\" target=\"_blank\" rel=\"noopener\"><span style=\"font-size: 9.0pt; font-family: Verdana, sans-serif; mso-font-charset: 0;\">Del Pipa<br>Casita&nbsp;(Peter Henderyckx)<\/span><\/a><\/td>\n<\/tr>\n<tr style=\"height: 15.0pt;\">\n<td style=\"height: 15.0pt; width: 115pt;\" width=\"153\" height=\"20\">Spanje:<\/td>\n<td style=\"width: 260pt;\" width=\"347\"><a style=\"box-sizing: border-box; box-shadow: none;\" href=\"http:\/\/www.perroaguaubrique.com\/index.html\" target=\"_blank\" rel=\"noopener\"><span style=\"font-size: 9.0pt; font-family: Verdana, sans-serif; mso-font-charset: 0;\">De<br>Ubrique&nbsp;(Antonio Garc\u00eda Per\u00e8z)<\/span><\/a><\/td>\n<\/tr>\n<tr style=\"height: 15.0pt;\">\n<td style=\"height: 15.0pt; width: 115pt;\" width=\"153\" height=\"20\">&nbsp;<\/td>\n<td style=\"width: 260pt;\" width=\"347\"><a style=\"box-sizing: border-box; box-shadow: none;\" href=\"http:\/\/www.deloscerrosdequinto.com\/\" target=\"_blank\" rel=\"noopener\"><span style=\"font-size: 9.0pt; font-family: Verdana, sans-serif; mso-font-charset: 0;\">De Los Cerros De<br>Quinto&nbsp;(Antonio Bejarano Ojeda)<\/span><\/a><\/td>\n<\/tr>\n<tr style=\"height: 15.0pt;\">\n<td style=\"height: 15.0pt;\" height=\"20\">&nbsp;<\/td>\n<td style=\"width: 260pt;\" width=\"347\"><a style=\"box-sizing: border-box; box-shadow: none;\" href=\"http:\/\/www.jmacelia.com\/\" target=\"_blank\" rel=\"noopener\"><span style=\"font-size: 9.0pt; font-family: Verdana, sans-serif; mso-font-charset: 0;\">J.Macelia&nbsp;(Jos\u00e9<br>Garcia)<\/span><\/a><\/td>\n<\/tr>\n<tr style=\"height: 15.0pt;\">\n<td style=\"height: 15.0pt;\" height=\"20\">&nbsp;<\/td>\n<td style=\"width: 260pt;\" width=\"347\"><a style=\"box-sizing: border-box; box-shadow: none;\" href=\"http:\/\/www.delmassaltet.es\/\" target=\"_blank\" rel=\"noopener\"><span style=\"font-size: 9.0pt; font-family: Verdana, sans-serif; mso-font-charset: 0;\">Del Massaltet&nbsp;(Juan<br>Jos\u00e9 Ridaura Pastor)<\/span><\/a><\/td>\n<\/tr>\n<tr style=\"height: 15.0pt;\">\n<td style=\"height: 15.0pt;\" height=\"20\">&nbsp;<\/td>\n<td style=\"width: 260pt;\" width=\"347\"><a style=\"box-sizing: border-box; box-shadow: none;\" href=\"http:\/\/www.actiweb.es\/delmorruo\/index.html\" target=\"_blank\" rel=\"noopener\"><span style=\"font-size: 9.0pt; font-family: Verdana, sans-serif; mso-font-charset: 0;\">Del<br>Morruo &amp; De Aronagua<\/span><\/a><\/td>\n<\/tr>\n<tr style=\"height: 15.0pt;\">\n<td style=\"height: 15.0pt;\" height=\"20\">&nbsp;<\/td>\n<td style=\"width: 260pt;\" width=\"347\"><a style=\"box-sizing: border-box; box-shadow: none;\" href=\"http:\/\/www.benamaina.com\/\" target=\"_blank\" rel=\"noopener\"><span style=\"font-size: 9.0pt; font-family: Verdana, sans-serif; mso-font-charset: 0;\">Benamaina&nbsp;(Sabastian<br>Alonso)<\/span><\/a><\/td>\n<\/tr>\n<tr style=\"height: 15.0pt;\">\n<td style=\"height: 15.0pt;\" height=\"20\">&nbsp;<\/td>\n<td style=\"width: 260pt;\" width=\"347\"><a style=\"box-sizing: border-box; box-shadow: none;\" href=\"http:\/\/www.criaderodelbolanio.com\/\" target=\"_blank\" rel=\"noopener\"><span style=\"font-size: 9.0pt; font-family: Verdana, sans-serif; mso-font-charset: 0;\">Del Bolanio&nbsp;(Jos\u00e9<br>Luis Bernal Garc\u00eda)<\/span><\/a><\/td>\n<\/tr>\n<tr style=\"height: 15.0pt;\">\n<td style=\"height: 15.0pt;\" height=\"20\">&nbsp;<\/td>\n<td style=\"width: 260pt;\" width=\"347\"><a style=\"box-sizing: border-box; box-shadow: none;\" href=\"http:\/\/www.perrodeaguaespanol.com\/\" target=\"_blank\" rel=\"noopener\"><span style=\"font-size: 9.0pt; font-family: Verdana, sans-serif; mso-font-charset: 0;\">Perros de Agua de Sierra<br>Alhamilla<\/span><\/a><\/td>\n<\/tr>\n<tr style=\"height: 15.0pt;\">\n<td style=\"height: 15.0pt; width: 115pt;\" width=\"153\" height=\"20\">Duitsland:<\/td>\n<td style=\"width: 260pt;\" width=\"347\"><a style=\"box-sizing: border-box; box-shadow: none;\" href=\"http:\/\/www.perro-de-agua-espanol.de\/\" target=\"_blank\" rel=\"noopener\"><span style=\"font-size: 9.0pt; font-family: Verdana, sans-serif; mso-font-charset: 0;\">Kennel Von<br>Moorgraben&nbsp;(Gunhild Bannert)<\/span><\/a><\/td>\n<\/tr>\n<tr style=\"height: 15.0pt;\">\n<td style=\"height: 15.0pt; width: 115pt;\" width=\"153\" height=\"20\">&nbsp;<\/td>\n<td style=\"width: 260pt;\" width=\"347\"><a style=\"box-sizing: border-box; box-shadow: none;\" href=\"http:\/\/www.perro-de-agua.de\/\" target=\"_blank\" rel=\"noopener\"><span style=\"font-size: 9.0pt; font-family: Verdana, sans-serif; mso-font-charset: 0;\">Unna\u2019s Una&nbsp;(Claudia<br>en Heiko Engelmann)<\/span><\/a><\/td>\n<\/tr>\n<tr style=\"height: 15.0pt;\">\n<td style=\"height: 15.0pt; width: 115pt;\" width=\"153\" height=\"20\">Zweden:<\/td>\n<td style=\"width: 260pt;\" width=\"347\"><a style=\"box-sizing: border-box; box-shadow: none;\" href=\"http:\/\/www.calmigos.se\/\" target=\"_blank\" rel=\"noopener\"><span style=\"font-size: 9.0pt; font-family: Verdana, sans-serif; mso-font-charset: 0;\">Calmigos&nbsp;(Ulrika<br>Calmeg\u00e5rd)<\/span><\/a><\/td>\n<\/tr>\n<tr style=\"height: 15.0pt;\">\n<td style=\"height: 15.0pt; width: 115pt;\" width=\"153\" height=\"20\">&nbsp;<\/td>\n<td style=\"width: 260pt;\" width=\"347\"><a style=\"box-sizing: border-box; box-shadow: none;\" href=\"http:\/\/www.aberlours.se\/\" target=\"_blank\" rel=\"noopener\"><span style=\"font-size: 9.0pt; font-family: Verdana, sans-serif; mso-font-charset: 0;\">Aberlours<\/span><\/a><\/td>\n<\/tr>\n<tr style=\"height: 15.0pt;\">\n<td style=\"height: 15.0pt;\" height=\"20\">&nbsp;<\/td>\n<td style=\"width: 260pt;\" width=\"347\"><a style=\"box-sizing: border-box; box-shadow: none;\" href=\"http:\/\/www.perrotrizza.com\/\" target=\"_blank\" rel=\"noopener\"><span style=\"font-size: 9.0pt; font-family: Verdana, sans-serif; mso-font-charset: 0;\">Perro Rizados kennel<\/span><\/a><\/td>\n<\/tr>\n<tr style=\"height: 15.0pt;\">\n<td style=\"height: 15.0pt;\" height=\"20\">&nbsp;<\/td>\n<td style=\"width: 260pt;\" width=\"347\"><a style=\"box-sizing: border-box; box-shadow: none;\" href=\"https:\/\/www.spanskvattenhund.se\/\" target=\"_blank\" rel=\"noopener\"><span style=\"font-size: 9.0pt; font-family: Verdana, sans-serif; mso-font-charset: 0;\">www.spanskvattenhund.se<\/span><\/a><\/td>\n<\/tr>\n<tr style=\"height: 15.0pt;\">\n<td style=\"height: 15.0pt;\" height=\"20\">&nbsp;<\/td>\n<td style=\"width: 260pt;\" width=\"347\"><a style=\"box-sizing: border-box; box-shadow: none;\" href=\"http:\/\/www.minnepys.se\/\" target=\"_blank\" rel=\"noopener\"><span style=\"font-size: 9.0pt; font-family: Verdana, sans-serif; mso-font-charset: 0;\">Minnepys<\/span><\/a><\/td>\n<\/tr>\n<tr style=\"height: 15.0pt;\">\n<td style=\"height: 15.0pt;\" height=\"20\">&nbsp;<\/td>\n<td style=\"width: 260pt;\" width=\"347\"><a style=\"box-sizing: border-box; box-shadow: none;\" href=\"http:\/\/www.phansoskennel.se\/\" target=\"_blank\" rel=\"noopener\"><span style=\"font-size: 9.0pt; font-family: Verdana, sans-serif; mso-font-charset: 0;\">Phansos kennel<\/span><\/a><\/td>\n<\/tr>\n<tr style=\"height: 15.0pt;\">\n<td style=\"height: 15.0pt; width: 115pt;\" width=\"153\" height=\"20\">Finland:<\/td>\n<td style=\"width: 260pt;\" width=\"347\"><a style=\"box-sizing: border-box; box-shadow: none;\" href=\"http:\/\/www.aquagruaz.net\/\" target=\"_blank\" rel=\"noopener\"><span style=\"font-size: 9.0pt; font-family: Verdana, sans-serif; mso-font-charset: 0;\">Kennel Aguagruaz<\/span><\/a><\/td>\n<\/tr>\n<tr style=\"height: 15.0pt;\">\n<td style=\"height: 15.0pt; width: 115pt;\" width=\"153\" height=\"20\">&nbsp;<\/td>\n<td style=\"width: 260pt;\" width=\"347\"><a style=\"box-sizing: border-box; box-shadow: none;\" href=\"http:\/\/www.nadadorkennel.com\/\" target=\"_blank\" rel=\"noopener\"><span style=\"font-size: 9.0pt; font-family: Verdana, sans-serif; mso-font-charset: 0;\">Kennel Nadador<\/span><\/a><\/td>\n<\/tr>\n<tr style=\"height: 15.0pt;\">\n<td style=\"height: 15.0pt; width: 115pt;\" width=\"153\" height=\"20\">Frankrijk:<\/td>\n<td style=\"width: 260pt;\" width=\"347\"><a style=\"box-sizing: border-box; box-shadow: none;\" href=\"http:\/\/thesourannya.chiens-de-france.com\/\" target=\"_blank\" rel=\"noopener\"><span style=\"font-size: 9.0pt; font-family: Verdana, sans-serif; mso-font-charset: 0;\">Kennel<br>the Sourannya<\/span><\/a><\/td>\n<\/tr>\n<tr style=\"height: 15.0pt;\">\n<td style=\"height: 15.0pt; width: 115pt;\" width=\"153\" height=\"20\">Oostenrijk:<\/td>\n<td><a href=\"https:\/\/spanischerwasserhund.at\/\"><span style=\"font-size: 9.0pt; font-family: Verdana, sans-serif; mso-font-charset: 0;\">https:\/\/spanischerwasserhund.at\/<\/span><\/a><\/td>\n<\/tr>\n<tr style=\"height: 15.0pt;\">\n<td style=\"height: 15.0pt; width: 115pt;\" width=\"153\" height=\"20\">Noorwegen:<\/td>\n<td style=\"width: 260pt;\" width=\"347\"><a style=\"box-sizing: border-box; box-shadow: none;\" href=\"http:\/\/www.lytta.no\/\" target=\"_blank\" rel=\"noopener\"><span style=\"font-size: 9.0pt; font-family: Verdana, sans-serif; mso-font-charset: 0;\">Lytta<br>Kennel<\/span><\/a><\/td>\n<\/tr>\n<tr style=\"height: 15.0pt;\">\n<td style=\"height: 15.0pt; width: 115pt;\" width=\"153\" height=\"20\">Engeland:<\/td>\n<td style=\"width: 260pt;\" width=\"347\"><a style=\"box-sizing: border-box; box-shadow: none;\" href=\"https:\/\/www.spanishwaterdog.net\/\" target=\"_blank\" rel=\"noopener\"><span style=\"font-size: 9.0pt; font-family: Verdana, sans-serif; mso-font-charset: 0;\">Valentisimo&nbsp;(Nigel<br>Egginton)<\/span><\/a><\/td>\n<\/tr>\n<tr style=\"height: 15.0pt;\">\n<td style=\"height: 15.0pt; width: 115pt;\" width=\"153\" height=\"20\">&nbsp;<\/td>\n<td style=\"width: 260pt;\" width=\"347\"><a style=\"box-sizing: border-box; box-shadow: none;\" href=\"http:\/\/www.spanishwaterdogs.info\/\" target=\"_blank\" rel=\"noopener\"><span style=\"font-size: 9.0pt; font-family: Verdana, sans-serif; mso-font-charset: 0;\">Kennel<br>Chetcote&nbsp;(David and Phillipa Smedley)<\/span><\/a><\/td>\n<\/tr>\n<tr style=\"height: 15.0pt;\">\n<td style=\"height: 15.0pt;\" height=\"20\">&nbsp;<\/td>\n<td style=\"width: 260pt;\" width=\"347\"><a style=\"box-sizing: border-box; box-shadow: none;\" href=\"https:\/\/www.pemontell.com\/\" target=\"_blank\" rel=\"noopener\"><span style=\"font-size: 9.0pt; font-family: Verdana, sans-serif; mso-font-charset: 0;\">Kennel<br>Pemontell&nbsp;(Catherine &nbsp;Jefferson)<\/span><\/a><\/td>\n<\/tr>\n<tr style=\"height: 15.0pt;\">\n<td style=\"height: 15.0pt; width: 115pt;\" width=\"153\" height=\"20\">Verenigde<br>Staten:<\/td>\n<td style=\"width: 260pt;\" width=\"347\"><a style=\"box-sizing: border-box; box-shadow: none;\" href=\"http:\/\/www.copperkennel.com\/\" target=\"_blank\" rel=\"noopener\"><span style=\"font-size: 9.0pt; font-family: Verdana, sans-serif; mso-font-charset: 0;\">Copper kennel<\/span><\/a><\/td>\n<\/tr>\n<\/tbody>\n<\/table>\n<p><strong>Overige organisaties<\/strong><\/p>\n<ul>\n<li><a href=\"https:\/\/www.dutchdogdata.nl\/\" target=\"_blank\" rel=\"noopener\">Nederlands hondenstamboek NHSB <\/a>&nbsp;&#8211; Rashonden database<\/li>\n<li><a href=\"https:\/\/www.rvo.nl\/onderwerpen\/identificatie-en-registratie-honden\" target=\"_blank\" rel=\"noopener\">Rijksdienst voor Ondernemend Nederland (RVO)<\/a> \u2013 Identificatie en registratie honden<\/li>\n<li><a href=\"https:\/\/www.nvwa.nl\/onderwerpen\/dier\/honden-en-katten\/honden-en-katten-invoeren\" target=\"_blank\" rel=\"noopener\">Nederlandse Voedsel- en Warenautoriteit (NVWA)<\/a>&nbsp;\u2013 eisen bij import van een (ras)hond<\/li>\n<li><a href=\"https:\/\/www.licg.nl\/invoereisen-per-land-europa\/\" target=\"_blank\" rel=\"noopener\">Landelijk InformatieCentrum Gezelschapsdieren (Licg)<\/a>&nbsp;\u2013 invoereisen per land (Europa)<\/li>\n<li><a href=\"https:\/\/www.rijksoverheid.nl\/onderwerpen\/dierenwelzijn\/dierenwelzijn-huisdieren\" target=\"_blank\" rel=\"noopener\">Rijksoverheid<\/a>&nbsp;\u2013 overzicht van regels voor het houden van huisdieren<\/li>\n<\/ul>\n<p><strong><br>Overige links<\/strong><\/p>\n<ul>\n<li><a href=\"http:\/\/www.dierenpensionloge.nl\/\" target=\"_blank\" rel=\"noopener\">Dierenpension Log\u00e9, hondenopvang, hondenzwembad, trim- en wassalon<\/a><\/li>\n<li><a href=\"http:\/\/www.kczij.nl\/\" target=\"_blank\" rel=\"noopener\">Kynologen Club Zaanstreek IJmond<\/a><\/li>\n<li><a href=\"https:\/\/www.waterwerkwest.nl\/\" target=\"_blank\" rel=\"noopener\">Waterwerk West<\/a><\/li>\n<li><a href=\"https:\/\/www.camperdays.nl\/gids\/camping-hond\" target=\"_blank\" rel=\"noopener\">Camperdays &#8211; Camperen met de hond<\/a><\/li>\n<li><a href=\"http:\/\/www.hondenrassen.nl\/\" target=\"_blank\" rel=\"noopener\">Hondenrassen.nl \u2013 alle informatie over de diverse hondenrassenen informatie met betrekking tot honden<\/a><\/li>\n<li><a href=\"http:\/\/www.eurobreeder.com\/\" target=\"_blank\" rel=\"noopener\">Eurobreeder, alle fokkers op een rijtje<\/a><\/li>\n<li><a href=\"http:\/\/www.hondenras.com\/\" target=\"_blank\" rel=\"noopener\">www.hondenras.com<\/a><\/li>\n<li><a href=\"http:\/\/www.abhb.nl\/\" target=\"_blank\" rel=\"noopener\">Nederlandse vereniging van gediplomeerde hondentrimmers<\/a><\/li>\n<li><a href=\"http:\/\/www.hondenplaza.nl\/\" target=\"_blank\" rel=\"noopener\">Hondenplaza<\/a><\/li>\n<li><a href=\"http:\/\/www.dierenbescherming.nl\/\" target=\"_blank\" rel=\"noopener\">Dierenbescherming<\/a><\/li>\n<li><a href=\"http:\/\/www.hondenbescherming.nl\/\" target=\"_blank\" rel=\"noopener\">Hondenbescherming<\/a><\/li>\n<\/ul>\n<p>Wilt U ook een link naar Uw website op deze pagina?<\/p>\n<p>Stuur dan een mailtje naar&nbsp;<a href=\"mailto:perro@spaansewaterhond.info\">perro@spaansewaterhond.info<\/a><\/p>\n<\/div>\t\t\t\t\t\t<\/div>\n\t\t\t\t<\/div>\n\t\t\t\t\t<\/div>\n\t\t<\/div>\n\t\t\t\t\t\t\t<\/div>\n\t\t<\/section>\n\t\t\t\t\t\t\t<\/div>\n\t\t","protected":false},"excerpt":{"rendered":"<p>&nbsp; Kynologische organisaties F\u00e9d\u00e9ration Cynologiqeu Internationale (FCI) Raad van Beheer op Kynologisch gebied in Nederland \u2013 Houden van honden Real Sociedad Canina de Espa\u00f1a&nbsp;(Spanje) Koninklijke Kynologische Unie Sint-Hubertus&nbsp;(Belgi\u00eb) Rasverenigingen Spaanse Waterhond Rasvereniging Nederland&nbsp;(Nederlandse rasvereniging) Perro de Agua Espa\u00f1ol Club Belgi\u00eb&nbsp;(Belgische rasvereniging) Asociaci\u00f3n Espa\u00f1ola del Perro de Agua Espa\u00f1ol&nbsp;(Spaanse rasvereniging) Perro de Agua Espa\u00f1ol Club Deutschland&nbsp;(Duitse [&hellip;]<\/p>\n","protected":false},"author":1,"featured_media":0,"parent":0,"menu_order":0,"comment_status":"closed","ping_status":"closed","template":"","meta":{"footnotes":""},"class_list":["post-603","page","type-page","status-publish","hentry"],"_links":{"self":[{"href":"https:\/\/www.spaansewaterhond.info\/index.php?rest_route=\/wp\/v2\/pages\/603","targetHints":{"allow":["GET"]}}],"collection":[{"href":"https:\/\/www.spaansewaterhond.info\/index.php?rest_route=\/wp\/v2\/pages"}],"about":[{"href":"https:\/\/www.spaansewaterhond.info\/index.php?rest_route=\/wp\/v2\/types\/page"}],"author":[{"embeddable":true,"href":"https:\/\/www.spaansewaterhond.info\/index.php?rest_route=\/wp\/v2\/users\/1"}],"replies":[{"embeddable":true,"href":"https:\/\/www.spaansewaterhond.info\/index.php?rest_route=%2Fwp%2Fv2%2Fcomments&post=603"}],"version-history":[{"count":65,"href":"https:\/\/www.spaansewaterhond.info\/index.php?rest_route=\/wp\/v2\/pages\/603\/revisions"}],"predecessor-version":[{"id":1552,"href":"https:\/\/www.spaansewaterhond.info\/index.php?rest_route=\/wp\/v2\/pages\/603\/revisions\/1552"}],"wp:attachment":[{"href":"https:\/\/www.spaansewaterhond.info\/index.php?rest_route=%2Fwp%2Fv2%2Fmedia&parent=603"}],"curies":[{"name":"wp","href":"https:\/\/api.w.org\/{rel}","templated":true}]}}